{"id":842,"date":"2023-03-16T12:05:23","date_gmt":"2023-03-16T11:05:23","guid":{"rendered":"https:\/\/mayrasa-legal.com\/?page_id=842"},"modified":"2026-03-04T14:12:29","modified_gmt":"2026-03-04T13:12:29","slug":"privacy","status":"publish","type":"page","link":"https:\/\/www.mayrasa-gestion.com\/en\/privacy\/","title":{"rendered":"Privacy policy"},"content":{"rendered":"<div data-elementor-type=\"wp-post\" data-elementor-id=\"842\" class=\"elementor elementor-842\" data-elementor-post-type=\"page\">\n\t\t\t\t\t\t<section class=\"elementor-section elementor-top-section elementor-element elementor-element-d7d8b56 elementor-section-boxed elementor-section-height-default elementor-section-height-default\" data-id=\"d7d8b56\" data-element_type=\"section\" data-settings=\"{&quot;background_background&quot;:&quot;classic&quot;}\">\n\t\t\t\t\t\t\t<div class=\"elementor-background-overlay\"><\/div>\n\t\t\t\t\t\t\t<div class=\"elementor-container elementor-column-gap-default\">\n\t\t\t\t\t<div class=\"elementor-column elementor-col-100 elementor-top-column elementor-element elementor-element-fd69444\" data-id=\"fd69444\" data-element_type=\"column\">\n\t\t\t<div class=\"elementor-widget-wrap elementor-element-populated\">\n\t\t\t\t\t\t<div class=\"elementor-element elementor-element-abcc2f2 elementor-widget elementor-widget-heading\" data-id=\"abcc2f2\" data-element_type=\"widget\" data-widget_type=\"heading.default\">\n\t\t\t\t<div class=\"elementor-widget-container\">\n\t\t\t\t\t<h1 class=\"elementor-heading-title elementor-size-default\">PRIVACY POLICY<\/h1>\t\t\t\t<\/div>\n\t\t\t\t<\/div>\n\t\t\t\t\t<\/div>\n\t\t<\/div>\n\t\t\t\t\t<\/div>\n\t\t<\/section>\n\t\t\t\t<section class=\"elementor-section elementor-top-section elementor-element elementor-element-5c40d7b elementor-section-boxed elementor-section-height-default elementor-section-height-default\" data-id=\"5c40d7b\" data-element_type=\"section\">\n\t\t\t\t\t\t<div class=\"elementor-container elementor-column-gap-default\">\n\t\t\t\t\t<div class=\"elementor-column elementor-col-100 elementor-top-column elementor-element elementor-element-2ebbf9c\" data-id=\"2ebbf9c\" data-element_type=\"column\">\n\t\t\t<div class=\"elementor-widget-wrap elementor-element-populated\">\n\t\t\t\t\t\t<div class=\"elementor-element elementor-element-fe195c7 elementor-widget elementor-widget-heading\" data-id=\"fe195c7\" data-element_type=\"widget\" data-widget_type=\"heading.default\">\n\t\t\t\t<div class=\"elementor-widget-container\">\n\t\t\t\t\t<h2 class=\"elementor-heading-title elementor-size-default\">Information in compliance with personal data protection legislation<\/h2>\t\t\t\t<\/div>\n\t\t\t\t<\/div>\n\t\t\t\t<div class=\"elementor-element elementor-element-dc051dd elementor-widget-divider--view-line elementor-widget elementor-widget-divider\" data-id=\"dc051dd\" data-element_type=\"widget\" data-widget_type=\"divider.default\">\n\t\t\t\t<div class=\"elementor-widget-container\">\n\t\t\t\t\t\t\t<div class=\"elementor-divider\">\n\t\t\t<span class=\"elementor-divider-separator\">\n\t\t\t\t\t\t<\/span>\n\t\t<\/div>\n\t\t\t\t\t\t<\/div>\n\t\t\t\t<\/div>\n\t\t\t\t<div class=\"elementor-element elementor-element-e5f497e elementor-widget elementor-widget-text-editor\" data-id=\"e5f497e\" data-element_type=\"widget\" data-widget_type=\"text-editor.default\">\n\t\t\t\t<div class=\"elementor-widget-container\">\n\t\t\t\t\t\t\t\t\t<p>In Europe and Spain there are data protection regulations designed to protect your personal information that are mandatory for our company.<\/p><p>It is therefore very important to us that you fully understand what we are going to do with the personal data we ask you for.<\/p><p>We will be transparent and put you in control of your data, with plain language and clear choices that allow you to decide what we do with your personal information.<\/p><p>Please do not hesitate to ask us if you have any questions after reading this information.<\/p><p>Thank you very much for your cooperation.<\/p><h3><strong>\u00bf<\/strong><strong>Who are we?<\/strong><\/h3><ul><li>Our denomination:\u00a0<strong>MAYRASA MANAGEMENT<\/strong><\/li><li>Our CIF \/ NIF: <b>B54955422<\/b><\/li><li>Our core business:<strong> LEGAL ADVISORY SERVICES IN REAL ESTATE LAW<\/strong><\/li><li>Our address:\u00a0<strong>CALLE ORIHUELA 11. 03181. TORREVIEJA. ALICANTE<\/strong><\/li><li>Our contact telephone number: <b>966 263 013<\/b><\/li><li>Our contact e-mail address: <b>INFO@MAYRASA.COM<\/b><\/li><li>Our website:\u00a0<strong>MAYRASA-LEGAL.COM<\/strong><\/li><li>Our main activity is subject to a system of prior administrative authorisation. For your confidence and security, we provide you with the details of this authorisation and the identification details of the competent supervisory body:<\/li><\/ul><p>We are at your disposal, do not hesitate to contact us.<\/p><h3><strong>What are we going to use your data for?<\/strong><\/h3><p>In general, your personal data will be used to contact you and to provide you with our services.<\/p><p>They may also be used for other activities, such as sending you advertising or promoting our activities.<\/p><h3><strong>Why do we need to use your data?<\/strong><\/h3><p>Your personal information is necessary for us to be able to interact with you and to provide you with our services. In this regard, we will provide you with a number of checkboxes that will allow you to make a clear and simple decision about the use of your personal information.<\/p><h3><strong>Who will know the information we ask for?<\/strong><\/h3><p>In general, only duly authorised personnel of our organisation may have access to the information we request from you.<\/p><p>Similarly, those entities that need to have access to your personal information in order for us to be able to provide you with our services may also have access to your personal information. For example, our bank will know your details if payment for our services is made by credit card or bank transfer.<\/p><p>Likewise, those public or private entities to which we are obliged to provide your personal data in order to comply with any law will be aware of your information. To give you an example, the Tax Law obliges us to provide the Tax Agency with certain information on economic transactions exceeding a certain amount.<\/p><p>In the event that, apart from the cases mentioned above, we need to disclose your personal information to other entities, we will ask for your prior permission through clear options that will allow you to decide in this respect.<\/p><h3><strong>How will we protect your data?<\/strong><\/h3><p>We will protect your data with effective security measures commensurate with the risks associated with the use of your information.<\/p><p>To this end, we have approved a Data Protection Policy and annual checks and audits are carried out to ensure that your personal data is secure at all times.<\/p><h3><strong>Will we send your data to other countries?<\/strong><\/h3><p>There are countries in the world that are safe for your data and others that are not so safe. For example, the European Union is a safe environment for your data. Our policy is not to send your personal information to any country that is not safe from a data protection point of view.<\/p><p>In the event that, in order to provide you with the service, it is essential to send your data to a country that is not as secure as Spain, we will always request your prior permission and we will apply effective security measures to reduce the risks of sending your personal information to another country.<\/p><h3><strong>How long will we keep your data?<\/strong><\/h3><p>We will retain your data for the duration of our relationship and for as long as we are required to do so by law. At the end of the applicable legal periods, we will dispose of it in a secure and environmentally friendly manner.<\/p><h3><strong>What are your data protection rights?<\/strong><\/h3><p>You can contact us at any time to find out what information we hold about you, rectify it if it is incorrect and delete it after our relationship has ended, where this is legally possible.<\/p><p>You also have the right to request a transfer of your information to another entity. This right is called \"portability\" and may be useful in certain situations.<\/p><p>To request any of these rights, you must make a written request to our address, together with a photocopy of your ID card, so that we can identify you.<\/p><p>We have specific forms available at our offices for requesting these rights and we offer you our help in filling them in.<\/p><p>To find out more about your data protection rights, you can consult the website of the Spanish Data Protection Agency (<a href=\"http:\/\/www.agpd.es\/\">www.agpd.es<\/a>).<\/p><h3><strong>Can you withdraw your consent if you change your mind at a later stage?<\/strong><\/h3><p>You can withdraw your consent if you change your mind about the use of your data at any time.<\/p><p>For example, if you were once interested in receiving advertising for our products or services, but no longer wish to receive any further advertising, you can let us know by filling in the objection form available at our offices.<\/p><h3><strong>If you feel that your rights have been disregarded, where can you make a complaint?<\/strong><\/h3><p>In the event that you feel that your rights have been disregarded by our entity, you may file a complaint with the Spanish Data Protection Agency, by any of the following means:<\/p><ul><li>Electronic headquarters: www.agpd.es<\/li><li>Postal address:<\/li><\/ul><p>Spanish Data Protection Agency<br \/>C\/ Jorge Juan, 6<br \/>28001-Madrid<\/p><ul><li>By telephone:<\/li><\/ul><p>Tel. 901 100 099<\/p><p>Tel. 91 266 35 17<\/p><p>Making a complaint to the Spanish Data Protection Agency does not entail any cost and the assistance of a lawyer or solicitor is not necessary.<\/p><h3><strong>Will we profile you?<\/strong><\/h3><p>It is our policy not to profile users of our services.<\/p><p>However, there may be situations where, for service, marketing or other purposes, we need to profile information about you. An example might be the use of your purchase or service history to enable us to offer you products or services tailored to your tastes or needs.<\/p><p>In such a case, we will implement effective security measures to protect your information at all times from unauthorised persons seeking to use it for their own benefit.<\/p><h3><strong>Will we use your data for other purposes?<\/strong><\/h3><p>Our policy is not to use your data for purposes other than those we have explained to you. If, however, we need to use your data for other activities, we will always ask for your permission beforehand by providing you with clear options to allow you to decide.<\/p>\t\t\t\t\t\t\t\t<\/div>\n\t\t\t\t<\/div>\n\t\t\t\t\t<\/div>\n\t\t<\/div>\n\t\t\t\t\t<\/div>\n\t\t<\/section>\n\t\t\t\t<\/div>","protected":false},"excerpt":{"rendered":"<p>PRIVACY POLICY Information in compliance with personal data protection regulations In Europe and Spain there are data protection regulations designed to protect your personal information that are mandatory for our company. Therefore, it is very important for us that you fully understand what we are going to do with your personal data [...]<\/p>","protected":false},"author":1,"featured_media":0,"parent":0,"menu_order":0,"comment_status":"closed","ping_status":"closed","template":"","meta":{"site-sidebar-layout":"no-sidebar","site-content-layout":"page-builder","ast-site-content-layout":"default","site-content-style":"default","site-sidebar-style":"default","ast-global-header-display":"","ast-banner-title-visibility":"","ast-main-header-display":"","ast-hfb-above-header-display":"","ast-hfb-below-header-display":"","ast-hfb-mobile-header-display":"","site-post-title":"disabled","ast-breadcrumbs-content":"","ast-featured-img":"disabled","footer-sml-layout":"","theme-transparent-header-meta":"enabled","adv-header-id-meta":"","stick-header-meta":"","header-above-stick-meta":"","header-main-stick-meta":"","header-below-stick-meta":"","astra-migrate-meta-layouts":"default","ast-page-background-enabled":"default","ast-page-background-meta":{"desktop":{"background-color":"","background-image":"","background-repeat":"repeat","background-position":"center center","background-size":"auto","background-attachment":"scroll","background-type":"","background-media":"","overlay-type":"","overlay-color":"","overlay-opacity":"","overlay-gradient":""},"tablet":{"background-color":"","background-image":"","background-repeat":"repeat","background-position":"center center","background-size":"auto","background-attachment":"scroll","background-type":"","background-media":"","overlay-type":"","overlay-color":"","overlay-opacity":"","overlay-gradient":""},"mobile":{"background-color":"","background-image":"","background-repeat":"repeat","background-position":"center center","background-size":"auto","background-attachment":"scroll","background-type":"","background-media":"","overlay-type":"","overlay-color":"","overlay-opacity":"","overlay-gradient":""}},"ast-content-background-meta":{"desktop":{"background-color":"var(--ast-global-color-5)","background-image":"","background-repeat":"repeat","background-position":"center center","background-size":"auto","background-attachment":"scroll","background-type":"","background-media":"","overlay-type":"","overlay-color":"","overlay-opacity":"","overlay-gradient":""},"tablet":{"background-color":"var(--ast-global-color-5)","background-image":"","background-repeat":"repeat","background-position":"center center","background-size":"auto","background-attachment":"scroll","background-type":"","background-media":"","overlay-type":"","overlay-color":"","overlay-opacity":"","overlay-gradient":""},"mobile":{"background-color":"var(--ast-global-color-5)","background-image":"","background-repeat":"repeat","background-position":"center center","background-size":"auto","background-attachment":"scroll","background-type":"","background-media":"","overlay-type":"","overlay-color":"","overlay-opacity":"","overlay-gradient":""}},"footnotes":""},"class_list":["post-842","page","type-page","status-publish","hentry"],"yoast_head":"<!-- This site is optimized with the Yoast SEO plugin v26.2 - https:\/\/yoast.com\/wordpress\/plugins\/seo\/ -->\n<title>Pol\u00edtica de privacidad - Mayrasa Gesti\u00f3n<\/title>\n<meta name=\"description\" content=\"Pol\u00edtica de privacidad del sitio web Mayrasa Home. Conoce el tratamiento que damos a los datos personales de nuestros usuarios en nuestra web\" \/>\n<meta name=\"robots\" content=\"index, follow, max-snippet:-1, max-image-preview:large, max-video-preview:-1\" \/>\n<link rel=\"canonical\" href=\"https:\/\/www.mayrasa-gestion.com\/en\/privacy\/\" \/>\n<meta property=\"og:locale\" content=\"en_GB\" \/>\n<meta property=\"og:type\" content=\"article\" \/>\n<meta property=\"og:title\" content=\"Pol\u00edtica de privacidad - Mayrasa Gesti\u00f3n\" \/>\n<meta property=\"og:description\" content=\"Pol\u00edtica de privacidad del sitio web Mayrasa Home. Conoce el tratamiento que damos a los datos personales de nuestros usuarios en nuestra web\" \/>\n<meta property=\"og:url\" content=\"https:\/\/www.mayrasa-gestion.com\/en\/privacy\/\" \/>\n<meta property=\"og:site_name\" content=\"Mayrasa Gesti\u00f3n\" \/>\n<meta property=\"article:modified_time\" content=\"2026-03-04T13:12:29+00:00\" \/>\n<meta name=\"twitter:card\" content=\"summary_large_image\" \/>\n<meta name=\"twitter:label1\" content=\"Estimated reading time\" \/>\n\t<meta name=\"twitter:data1\" content=\"6 minutes\" \/>\n<script type=\"application\/ld+json\" class=\"yoast-schema-graph\">{\"@context\":\"https:\/\/schema.org\",\"@graph\":[{\"@type\":\"WebPage\",\"@id\":\"https:\/\/www.mayrasa-gestion.com\/privacidad\/\",\"url\":\"https:\/\/www.mayrasa-gestion.com\/privacidad\/\",\"name\":\"Pol\u00edtica de privacidad - Mayrasa Gesti\u00f3n\",\"isPartOf\":{\"@id\":\"https:\/\/www.mayrasa-gestion.com\/#website\"},\"datePublished\":\"2023-03-16T11:05:23+00:00\",\"dateModified\":\"2026-03-04T13:12:29+00:00\",\"description\":\"Pol\u00edtica de privacidad del sitio web Mayrasa Home. Conoce el tratamiento que damos a los datos personales de nuestros usuarios en nuestra web\",\"breadcrumb\":{\"@id\":\"https:\/\/www.mayrasa-gestion.com\/privacidad\/#breadcrumb\"},\"inLanguage\":\"en-GB\",\"potentialAction\":[{\"@type\":\"ReadAction\",\"target\":[\"https:\/\/www.mayrasa-gestion.com\/privacidad\/\"]}]},{\"@type\":\"BreadcrumbList\",\"@id\":\"https:\/\/www.mayrasa-gestion.com\/privacidad\/#breadcrumb\",\"itemListElement\":[{\"@type\":\"ListItem\",\"position\":1,\"name\":\"Portada\",\"item\":\"https:\/\/www.mayrasa-gestion.com\/\"},{\"@type\":\"ListItem\",\"position\":2,\"name\":\"Pol\u00edtica de privacidad\"}]},{\"@type\":\"WebSite\",\"@id\":\"https:\/\/www.mayrasa-gestion.com\/#website\",\"url\":\"https:\/\/www.mayrasa-gestion.com\/\",\"name\":\"Mayrasa Gesti\u00f3n\",\"description\":\"Servicios legales de compra y venta de propiedades\",\"publisher\":{\"@id\":\"https:\/\/www.mayrasa-gestion.com\/#organization\"},\"potentialAction\":[{\"@type\":\"SearchAction\",\"target\":{\"@type\":\"EntryPoint\",\"urlTemplate\":\"https:\/\/www.mayrasa-gestion.com\/?s={search_term_string}\"},\"query-input\":{\"@type\":\"PropertyValueSpecification\",\"valueRequired\":true,\"valueName\":\"search_term_string\"}}],\"inLanguage\":\"en-GB\"},{\"@type\":\"Organization\",\"@id\":\"https:\/\/www.mayrasa-gestion.com\/#organization\",\"name\":\"Mayrasa Gesti\u00f3n\",\"url\":\"https:\/\/www.mayrasa-gestion.com\/\",\"logo\":{\"@type\":\"ImageObject\",\"inLanguage\":\"en-GB\",\"@id\":\"https:\/\/www.mayrasa-gestion.com\/#\/schema\/logo\/image\/\",\"url\":\"https:\/\/www.mayrasa-gestion.com\/wp-content\/uploads\/2024\/12\/cropped-mayrasa-gestion.png\",\"contentUrl\":\"https:\/\/www.mayrasa-gestion.com\/wp-content\/uploads\/2024\/12\/cropped-mayrasa-gestion.png\",\"width\":300,\"height\":100,\"caption\":\"Mayrasa Gesti\u00f3n\"},\"image\":{\"@id\":\"https:\/\/www.mayrasa-gestion.com\/#\/schema\/logo\/image\/\"}}]}<\/script>\n<!-- \/ Yoast SEO plugin. -->","yoast_head_json":{"title":"Privacy policy - Mayrasa Gesti\u00f3n","description":"Privacy policy of the Mayrasa Home website. Find out how we treat the personal data of our users on our website.","robots":{"index":"index","follow":"follow","max-snippet":"max-snippet:-1","max-image-preview":"max-image-preview:large","max-video-preview":"max-video-preview:-1"},"canonical":"https:\/\/www.mayrasa-gestion.com\/en\/privacy\/","og_locale":"en_GB","og_type":"article","og_title":"Pol\u00edtica de privacidad - Mayrasa Gesti\u00f3n","og_description":"Pol\u00edtica de privacidad del sitio web Mayrasa Home. Conoce el tratamiento que damos a los datos personales de nuestros usuarios en nuestra web","og_url":"https:\/\/www.mayrasa-gestion.com\/en\/privacy\/","og_site_name":"Mayrasa Gesti\u00f3n","article_modified_time":"2026-03-04T13:12:29+00:00","twitter_card":"summary_large_image","twitter_misc":{"Estimated reading time":"6 minutes"},"schema":{"@context":"https:\/\/schema.org","@graph":[{"@type":"WebPage","@id":"https:\/\/www.mayrasa-gestion.com\/privacidad\/","url":"https:\/\/www.mayrasa-gestion.com\/privacidad\/","name":"Privacy policy - Mayrasa Gesti\u00f3n","isPartOf":{"@id":"https:\/\/www.mayrasa-gestion.com\/#website"},"datePublished":"2023-03-16T11:05:23+00:00","dateModified":"2026-03-04T13:12:29+00:00","description":"Privacy policy of the Mayrasa Home website. Find out how we treat the personal data of our users on our website.","breadcrumb":{"@id":"https:\/\/www.mayrasa-gestion.com\/privacidad\/#breadcrumb"},"inLanguage":"en-GB","potentialAction":[{"@type":"ReadAction","target":["https:\/\/www.mayrasa-gestion.com\/privacidad\/"]}]},{"@type":"BreadcrumbList","@id":"https:\/\/www.mayrasa-gestion.com\/privacidad\/#breadcrumb","itemListElement":[{"@type":"ListItem","position":1,"name":"Portada","item":"https:\/\/www.mayrasa-gestion.com\/"},{"@type":"ListItem","position":2,"name":"Pol\u00edtica de privacidad"}]},{"@type":"WebSite","@id":"https:\/\/www.mayrasa-gestion.com\/#website","url":"https:\/\/www.mayrasa-gestion.com\/","name":"Mayrasa Management","description":"Legal services for buying and selling property","publisher":{"@id":"https:\/\/www.mayrasa-gestion.com\/#organization"},"potentialAction":[{"@type":"SearchAction","target":{"@type":"EntryPoint","urlTemplate":"https:\/\/www.mayrasa-gestion.com\/?s={search_term_string}"},"query-input":{"@type":"PropertyValueSpecification","valueRequired":true,"valueName":"search_term_string"}}],"inLanguage":"en-GB"},{"@type":"Organization","@id":"https:\/\/www.mayrasa-gestion.com\/#organization","name":"Mayrasa Management","url":"https:\/\/www.mayrasa-gestion.com\/","logo":{"@type":"ImageObject","inLanguage":"en-GB","@id":"https:\/\/www.mayrasa-gestion.com\/#\/schema\/logo\/image\/","url":"https:\/\/www.mayrasa-gestion.com\/wp-content\/uploads\/2024\/12\/cropped-mayrasa-gestion.png","contentUrl":"https:\/\/www.mayrasa-gestion.com\/wp-content\/uploads\/2024\/12\/cropped-mayrasa-gestion.png","width":300,"height":100,"caption":"Mayrasa Gesti\u00f3n"},"image":{"@id":"https:\/\/www.mayrasa-gestion.com\/#\/schema\/logo\/image\/"}}]}},"_links":{"self":[{"href":"https:\/\/www.mayrasa-gestion.com\/en\/wp-json\/wp\/v2\/pages\/842","targetHints":{"allow":["GET"]}}],"collection":[{"href":"https:\/\/www.mayrasa-gestion.com\/en\/wp-json\/wp\/v2\/pages"}],"about":[{"href":"https:\/\/www.mayrasa-gestion.com\/en\/wp-json\/wp\/v2\/types\/page"}],"author":[{"embeddable":true,"href":"https:\/\/www.mayrasa-gestion.com\/en\/wp-json\/wp\/v2\/users\/1"}],"replies":[{"embeddable":true,"href":"https:\/\/www.mayrasa-gestion.com\/en\/wp-json\/wp\/v2\/comments?post=842"}],"version-history":[{"count":17,"href":"https:\/\/www.mayrasa-gestion.com\/en\/wp-json\/wp\/v2\/pages\/842\/revisions"}],"predecessor-version":[{"id":2797,"href":"https:\/\/www.mayrasa-gestion.com\/en\/wp-json\/wp\/v2\/pages\/842\/revisions\/2797"}],"wp:attachment":[{"href":"https:\/\/www.mayrasa-gestion.com\/en\/wp-json\/wp\/v2\/media?parent=842"}],"curies":[{"name":"wp","href":"https:\/\/api.w.org\/{rel}","templated":true}]}}